{"id":18,"date":"2020-12-17T18:44:44","date_gmt":"2020-12-17T17:44:44","guid":{"rendered":"https:\/\/www.bmdmetal.sk\/?page_id=18"},"modified":"2021-03-07T18:41:18","modified_gmt":"2021-03-07T17:41:18","slug":"domov","status":"publish","type":"page","link":"https:\/\/www.bmdmetal.sk\/","title":{"rendered":"Domov"},"content":{"rendered":"\t\t<div data-elementor-type=\"wp-post\" data-elementor-id=\"18\" class=\"elementor elementor-18\">\n\t\t\t\t\t\t<section class=\"elementor-section elementor-top-section elementor-element elementor-element-572839a elementor-section-boxed elementor-section-height-default elementor-section-height-default elementor-invisible\" data-id=\"572839a\" data-element_type=\"section\" data-e-type=\"section\" data-settings=\"{&quot;background_background&quot;:&quot;classic&quot;,&quot;animation&quot;:&quot;slideInDown&quot;}\">\n\t\t\t\t\t\t<div class=\"elementor-container elementor-column-gap-default\">\n\t\t\t\t\t<div class=\"elementor-column elementor-col-100 elementor-top-column elementor-element elementor-element-e72a18d\" data-id=\"e72a18d\" data-element_type=\"column\" data-e-type=\"column\">\n\t\t\t<div class=\"elementor-widget-wrap elementor-element-populated\">\n\t\t\t\t\t\t<div class=\"elementor-element elementor-element-9de9962 elementor-widget elementor-widget-image\" data-id=\"9de9962\" data-element_type=\"widget\" data-e-type=\"widget\" data-widget_type=\"image.default\">\n\t\t\t\t<div class=\"elementor-widget-container\">\n\t\t\t\t\t\t\t\t\t\t\t\t\t\t\t<img fetchpriority=\"high\" decoding=\"async\" width=\"896\" height=\"600\" src=\"https:\/\/www.bmdmetal.sk\/wp-content\/uploads\/2020\/12\/DSC_0911.jpg\" class=\"attachment-large size-large wp-image-45\" alt=\"\" srcset=\"https:\/\/www.bmdmetal.sk\/wp-content\/uploads\/2020\/12\/DSC_0911.jpg 896w, https:\/\/www.bmdmetal.sk\/wp-content\/uploads\/2020\/12\/DSC_0911-300x201.jpg 300w, https:\/\/www.bmdmetal.sk\/wp-content\/uploads\/2020\/12\/DSC_0911-768x514.jpg 768w\" sizes=\"(max-width: 896px) 100vw, 896px\" \/>\t\t\t\t\t\t\t\t\t\t\t\t\t\t\t<\/div>\n\t\t\t\t<\/div>\n\t\t\t\t\t<\/div>\n\t\t<\/div>\n\t\t\t\t\t<\/div>\n\t\t<\/section>\n\t\t\t\t<section class=\"elementor-section elementor-top-section elementor-element elementor-element-74d0e6e elementor-section-boxed elementor-section-height-default elementor-section-height-default elementor-invisible\" data-id=\"74d0e6e\" data-element_type=\"section\" data-e-type=\"section\" data-settings=\"{&quot;background_background&quot;:&quot;classic&quot;,&quot;animation&quot;:&quot;fadeInUp&quot;}\">\n\t\t\t\t\t\t\t<div class=\"elementor-background-overlay\"><\/div>\n\t\t\t\t\t\t\t<div class=\"elementor-container elementor-column-gap-default\">\n\t\t\t\t\t<div class=\"elementor-column elementor-col-33 elementor-top-column elementor-element elementor-element-6cb82db\" data-id=\"6cb82db\" data-element_type=\"column\" data-e-type=\"column\">\n\t\t\t<div class=\"elementor-widget-wrap elementor-element-populated\">\n\t\t\t\t\t<div class=\"elementor-background-overlay\"><\/div>\n\t\t\t\t\t\t<div class=\"elementor-element elementor-element-8247227 elementor-view-stacked elementor-shape-circle elementor-widget elementor-widget-icon\" data-id=\"8247227\" data-element_type=\"widget\" data-e-type=\"widget\" data-widget_type=\"icon.default\">\n\t\t\t\t<div class=\"elementor-widget-container\">\n\t\t\t\t\t\t\t<div class=\"elementor-icon-wrapper\">\n\t\t\t<a class=\"elementor-icon\" href=\"https:\/\/www.bmdmetal.sk\/?page_id=2\">\n\t\t\t<i aria-hidden=\"true\" class=\"fas fa-user-cog\"><\/i>\t\t\t<\/a>\n\t\t<\/div>\n\t\t\t\t\t\t<\/div>\n\t\t\t\t<\/div>\n\t\t\t\t<div class=\"elementor-element elementor-element-0ba95ef elementor-widget elementor-widget-heading\" data-id=\"0ba95ef\" data-element_type=\"widget\" data-e-type=\"widget\" data-widget_type=\"heading.default\">\n\t\t\t\t<div class=\"elementor-widget-container\">\n\t\t\t\t\t<h3 class=\"elementor-heading-title elementor-size-default\"><a href=\"https:\/\/www.bmdmetal.sk\/?page_id=2\">O n\u00e1s<\/a><\/h3>\t\t\t\t<\/div>\n\t\t\t\t<\/div>\n\t\t\t\t\t<\/div>\n\t\t<\/div>\n\t\t\t\t<div class=\"elementor-column elementor-col-33 elementor-top-column elementor-element elementor-element-bc39edc\" data-id=\"bc39edc\" data-element_type=\"column\" data-e-type=\"column\">\n\t\t\t<div class=\"elementor-widget-wrap elementor-element-populated\">\n\t\t\t\t\t\t<div class=\"elementor-element elementor-element-f6c802f elementor-view-stacked elementor-shape-circle elementor-widget elementor-widget-icon\" data-id=\"f6c802f\" data-element_type=\"widget\" data-e-type=\"widget\" data-widget_type=\"icon.default\">\n\t\t\t\t<div class=\"elementor-widget-container\">\n\t\t\t\t\t\t\t<div class=\"elementor-icon-wrapper\">\n\t\t\t<a class=\"elementor-icon\" href=\"https:\/\/www.bmdmetal.sk\/?page_id=130\">\n\t\t\t<i aria-hidden=\"true\" class=\"far fa-folder\"><\/i>\t\t\t<\/a>\n\t\t<\/div>\n\t\t\t\t\t\t<\/div>\n\t\t\t\t<\/div>\n\t\t\t\t<div class=\"elementor-element elementor-element-60ea8de elementor-widget elementor-widget-heading\" data-id=\"60ea8de\" data-element_type=\"widget\" data-e-type=\"widget\" data-widget_type=\"heading.default\">\n\t\t\t\t<div class=\"elementor-widget-container\">\n\t\t\t\t\t<h3 class=\"elementor-heading-title elementor-size-default\"><a href=\"https:\/\/www.bmdmetal.sk\/?page_id=122\">V\u00fdzva na predkladanie cenov\u00fdch pon\u00fak<\/a><\/h3>\t\t\t\t<\/div>\n\t\t\t\t<\/div>\n\t\t\t\t\t<\/div>\n\t\t<\/div>\n\t\t\t\t<div class=\"elementor-column elementor-col-33 elementor-top-column elementor-element elementor-element-31f440a\" data-id=\"31f440a\" data-element_type=\"column\" data-e-type=\"column\">\n\t\t\t<div class=\"elementor-widget-wrap elementor-element-populated\">\n\t\t\t\t\t\t<div class=\"elementor-element elementor-element-0d9e0a7 elementor-view-stacked elementor-shape-circle elementor-widget elementor-widget-icon\" data-id=\"0d9e0a7\" data-element_type=\"widget\" data-e-type=\"widget\" data-widget_type=\"icon.default\">\n\t\t\t\t<div class=\"elementor-widget-container\">\n\t\t\t\t\t\t\t<div class=\"elementor-icon-wrapper\">\n\t\t\t<a class=\"elementor-icon\" href=\"https:\/\/www.bmdmetal.sk\/?page_id=122\">\n\t\t\t<i aria-hidden=\"true\" class=\"far fa-address-card\"><\/i>\t\t\t<\/a>\n\t\t<\/div>\n\t\t\t\t\t\t<\/div>\n\t\t\t\t<\/div>\n\t\t\t\t<div class=\"elementor-element elementor-element-6d10325 elementor-widget elementor-widget-heading\" data-id=\"6d10325\" data-element_type=\"widget\" data-e-type=\"widget\" data-widget_type=\"heading.default\">\n\t\t\t\t<div class=\"elementor-widget-container\">\n\t\t\t\t\t<h3 class=\"elementor-heading-title elementor-size-default\"><a href=\"https:\/\/www.bmdmetal.sk\/?page_id=130\">Kontakt<\/a><\/h3>\t\t\t\t<\/div>\n\t\t\t\t<\/div>\n\t\t\t\t\t<\/div>\n\t\t<\/div>\n\t\t\t\t\t<\/div>\n\t\t<\/section>\n\t\t\t\t<section class=\"elementor-section elementor-top-section elementor-element elementor-element-fa2a2cf elementor-section-boxed elementor-section-height-default elementor-section-height-default\" data-id=\"fa2a2cf\" data-element_type=\"section\" data-e-type=\"section\">\n\t\t\t\t\t\t<div class=\"elementor-container elementor-column-gap-default\">\n\t\t\t\t\t<div class=\"elementor-column elementor-col-100 elementor-top-column elementor-element elementor-element-11917c3\" data-id=\"11917c3\" data-element_type=\"column\" data-e-type=\"column\">\n\t\t\t<div class=\"elementor-widget-wrap elementor-element-populated\">\n\t\t\t\t\t\t<div class=\"elementor-element elementor-element-96ae0d6 animated-slow elementor-invisible elementor-widget elementor-widget-image\" data-id=\"96ae0d6\" data-element_type=\"widget\" data-e-type=\"widget\" data-settings=\"{&quot;_animation&quot;:&quot;fadeIn&quot;}\" data-widget_type=\"image.default\">\n\t\t\t\t<div class=\"elementor-widget-container\">\n\t\t\t\t\t\t\t\t\t\t\t\t\t\t\t\t<a href=\"https:\/\/www.bmdmetal.sk\/?page_id=199\">\n\t\t\t\t\t\t\t<img decoding=\"async\" width=\"573\" height=\"88\" src=\"https:\/\/www.bmdmetal.sk\/wp-content\/uploads\/2021\/03\/image.jpeg\" class=\"attachment-large size-large wp-image-241\" alt=\"\" srcset=\"https:\/\/www.bmdmetal.sk\/wp-content\/uploads\/2021\/03\/image.jpeg 573w, https:\/\/www.bmdmetal.sk\/wp-content\/uploads\/2021\/03\/image-300x46.jpeg 300w\" sizes=\"(max-width: 573px) 100vw, 573px\" \/>\t\t\t\t\t\t\t\t<\/a>\n\t\t\t\t\t\t\t\t\t\t\t\t\t\t\t<\/div>\n\t\t\t\t<\/div>\n\t\t\t\t\t<\/div>\n\t\t<\/div>\n\t\t\t\t\t<\/div>\n\t\t<\/section>\n\t\t\t\t<section class=\"elementor-section elementor-top-section elementor-element elementor-element-11ef492 elementor-section-stretched elementor-section-boxed elementor-section-height-default elementor-section-height-default elementor-invisible\" data-id=\"11ef492\" data-element_type=\"section\" data-e-type=\"section\" data-settings=\"{&quot;background_background&quot;:&quot;classic&quot;,&quot;stretch_section&quot;:&quot;section-stretched&quot;,&quot;animation&quot;:&quot;fadeInLeft&quot;}\">\n\t\t\t\t\t\t<div class=\"elementor-container elementor-column-gap-default\">\n\t\t\t\t\t<div class=\"elementor-column elementor-col-50 elementor-top-column elementor-element elementor-element-74eb055\" data-id=\"74eb055\" data-element_type=\"column\" data-e-type=\"column\">\n\t\t\t<div class=\"elementor-widget-wrap elementor-element-populated\">\n\t\t\t\t\t\t<div class=\"elementor-element elementor-element-8c0d2d1 elementor-widget elementor-widget-image\" data-id=\"8c0d2d1\" data-element_type=\"widget\" data-e-type=\"widget\" data-widget_type=\"image.default\">\n\t\t\t\t<div class=\"elementor-widget-container\">\n\t\t\t\t\t\t\t\t\t\t\t\t\t\t\t<img decoding=\"async\" width=\"896\" height=\"600\" src=\"https:\/\/www.bmdmetal.sk\/wp-content\/uploads\/2020\/12\/DSC_0892.jpg\" class=\"attachment-large size-large wp-image-39\" alt=\"\" srcset=\"https:\/\/www.bmdmetal.sk\/wp-content\/uploads\/2020\/12\/DSC_0892.jpg 896w, https:\/\/www.bmdmetal.sk\/wp-content\/uploads\/2020\/12\/DSC_0892-300x201.jpg 300w, https:\/\/www.bmdmetal.sk\/wp-content\/uploads\/2020\/12\/DSC_0892-768x514.jpg 768w\" sizes=\"(max-width: 896px) 100vw, 896px\" \/>\t\t\t\t\t\t\t\t\t\t\t\t\t\t\t<\/div>\n\t\t\t\t<\/div>\n\t\t\t\t\t<\/div>\n\t\t<\/div>\n\t\t\t\t<div class=\"elementor-column elementor-col-50 elementor-top-column elementor-element elementor-element-ef446b0\" data-id=\"ef446b0\" data-element_type=\"column\" data-e-type=\"column\">\n\t\t\t<div class=\"elementor-widget-wrap elementor-element-populated\">\n\t\t\t\t\t\t<div class=\"elementor-element elementor-element-ac00dbf elementor-widget elementor-widget-text-editor\" data-id=\"ac00dbf\" data-element_type=\"widget\" data-e-type=\"widget\" data-widget_type=\"text-editor.default\">\n\t\t\t\t<div class=\"elementor-widget-container\">\n\t\t\t\t\t\t\t\t\t<p>Sme mal\u00e1 firma zaoberaj\u00faca sa spracovan\u00edm plechov.<\/p><p>Pon\u00fakame V\u00e1m <b>v\u00fdrobu plechov\u00fdch dielcov<\/b> s presnos\u0165ou od \u00b10,05 mm, v\u00fdrobu jednoduch\u00fdch n\u00e1strojov na lisovanie a strihanie, v\u00fdrobu men\u0161\u00edch kovov\u00fdch kon\u0161trukcii, fr\u00e9zovanie. V ponuke je aj mo\u017enos\u0165 dod\u00e1vky rezania laserom, povrchov\u00e9 \u00fapravy (zinok, pr\u00e1\u0161kovanie, &#8230;) a kompletiz\u00e1cia a balenie hotov\u00fdch v\u00fdrobkov.<\/p><p>Mno\u017estvo univerz\u00e1lnych n\u00e1strojov n\u00e1m umo\u017e\u0148uje maxim\u00e1lne sa prisp\u00f4sobi\u0165 po\u017eiadavk\u00e1m z\u00e1kazn\u00edka. Na v\u00e4\u010d\u0161ie s\u00e9rie v pr\u00edpade potreby vyrob\u00edme n\u00e1stroj, tak aby sme dosiahli \u010do najvy\u0161\u0161iu kvalitu za primeran\u00fa cenu.<\/p><p><b>Na\u0161ou prioritou s\u00fa kvalita v\u00fdrobkov a term\u00edn dod\u00e1vky. To v\u0161etko samozrejme za rozumn\u00fa cenu.<\/b><\/p>\t\t\t\t\t\t\t\t<\/div>\n\t\t\t\t<\/div>\n\t\t\t\t\t<\/div>\n\t\t<\/div>\n\t\t\t\t\t<\/div>\n\t\t<\/section>\n\t\t\t\t<section class=\"elementor-section elementor-top-section elementor-element elementor-element-f639f71 elementor-section-boxed elementor-section-height-default elementor-section-height-default elementor-invisible\" data-id=\"f639f71\" data-element_type=\"section\" data-e-type=\"section\" data-settings=\"{&quot;background_background&quot;:&quot;classic&quot;,&quot;animation&quot;:&quot;slideInRight&quot;}\">\n\t\t\t\t\t\t<div class=\"elementor-container elementor-column-gap-default\">\n\t\t\t\t\t<div class=\"elementor-column elementor-col-100 elementor-top-column elementor-element elementor-element-4c36365\" data-id=\"4c36365\" data-element_type=\"column\" data-e-type=\"column\">\n\t\t\t<div class=\"elementor-widget-wrap elementor-element-populated\">\n\t\t\t\t\t\t<div class=\"elementor-element elementor-element-46b14d4 elementor-widget elementor-widget-text-editor\" data-id=\"46b14d4\" data-element_type=\"widget\" data-e-type=\"widget\" data-widget_type=\"text-editor.default\">\n\t\t\t\t<div class=\"elementor-widget-container\">\n\t\t\t\t\t\t\t\t\t<p>Kontakt: BMD METAL, spol. s r.o.,\u00a0930 30, Rohovce 78,\u00a0Slovensko, info@bmd.sk<\/p>\t\t\t\t\t\t\t\t<\/div>\n\t\t\t\t<\/div>\n\t\t\t\t\t<\/div>\n\t\t<\/div>\n\t\t\t\t\t<\/div>\n\t\t<\/section>\n\t\t\t\t<\/div>\n\t\t","protected":false},"excerpt":{"rendered":"<p>O n\u00e1s V\u00fdzva na predkladanie cenov\u00fdch pon\u00fak Kontakt Sme mal\u00e1 firma zaoberaj\u00faca sa spracovan\u00edm plechov. Pon\u00fakame V\u00e1m v\u00fdrobu plechov\u00fdch dielcov s presnos\u0165ou od \u00b10,05 mm, v\u00fdrobu jednoduch\u00fdch n\u00e1strojov na lisovanie a strihanie, v\u00fdrobu men\u0161\u00edch kovov\u00fdch kon\u0161trukcii, fr\u00e9zovanie. V ponuke je aj mo\u017enos\u0165 dod\u00e1vky rezania laserom, povrchov\u00e9 \u00fapravy (zinok, pr\u00e1\u0161kovanie, &#8230;) a kompletiz\u00e1cia a balenie hotov\u00fdch&hellip;&nbsp;<a href=\"https:\/\/www.bmdmetal.sk\/\" class=\"\" rel=\"bookmark\">\u010c\u00edta\u0165 viac &raquo;<span class=\"screen-reader-text\">Domov<\/span><\/a><\/p>\n","protected":false},"author":1,"featured_media":0,"parent":0,"menu_order":0,"comment_status":"closed","ping_status":"closed","template":"page-templates\/template-pagebuilder-full-width.php","meta":{"neve_meta_sidebar":"","neve_meta_container":"","neve_meta_enable_content_width":"","neve_meta_content_width":0,"neve_meta_title_alignment":"","neve_meta_author_avatar":"","neve_post_elements_order":"","neve_meta_disable_header":"","neve_meta_disable_footer":"","neve_meta_disable_title":"","footnotes":""},"class_list":["post-18","page","type-page","status-publish","hentry"],"_links":{"self":[{"href":"https:\/\/www.bmdmetal.sk\/index.php?rest_route=\/wp\/v2\/pages\/18","targetHints":{"allow":["GET"]}}],"collection":[{"href":"https:\/\/www.bmdmetal.sk\/index.php?rest_route=\/wp\/v2\/pages"}],"about":[{"href":"https:\/\/www.bmdmetal.sk\/index.php?rest_route=\/wp\/v2\/types\/page"}],"author":[{"embeddable":true,"href":"https:\/\/www.bmdmetal.sk\/index.php?rest_route=\/wp\/v2\/users\/1"}],"replies":[{"embeddable":true,"href":"https:\/\/www.bmdmetal.sk\/index.php?rest_route=%2Fwp%2Fv2%2Fcomments&post=18"}],"version-history":[{"count":122,"href":"https:\/\/www.bmdmetal.sk\/index.php?rest_route=\/wp\/v2\/pages\/18\/revisions"}],"predecessor-version":[{"id":245,"href":"https:\/\/www.bmdmetal.sk\/index.php?rest_route=\/wp\/v2\/pages\/18\/revisions\/245"}],"wp:attachment":[{"href":"https:\/\/www.bmdmetal.sk\/index.php?rest_route=%2Fwp%2Fv2%2Fmedia&parent=18"}],"curies":[{"name":"wp","href":"https:\/\/api.w.org\/{rel}","templated":true}]}}